{"id":250,"date":"2026-01-06T06:49:43","date_gmt":"2026-01-06T06:49:43","guid":{"rendered":"https:\/\/bratzabrata.eu\/?page_id=250"},"modified":"2026-02-12T18:32:18","modified_gmt":"2026-02-12T17:32:18","slug":"o-nas","status":"publish","type":"page","link":"https:\/\/bratzabrata.eu\/index.php\/o-nas\/","title":{"rendered":"O n\u00e1s"},"content":{"rendered":"<div class=\"b b-text cf\">\n<div class=\"b-c b-text-c b-s b-s-t60 b-s-b60 b-cs cf\"><\/div>\n<\/div>\n<div class=\"cw cf\">\n<div class=\"cw-c cf\">\n<div class=\"c cf\">\n<div class=\"c-c cf\">\n<div class=\"b b-text cf\">\n<h3>Ob\u010dianske zdru\u017eenie Motork\u00e1ri Slovenska \u2013 Brat za Brata<\/h3>\n<div class=\"b-c b-text-c b-s b-s-t60 b-s-b60 b-cs cf\">\n<p>T\u00fdmto dokumentom v\u00e1m chceme pribl\u00ed\u017ei\u0165 fungovanie a ideu ob\u010dianskeho zdru\u017eenia Motork\u00e1ri Slovenska \u2013 Brat za Brata ( <a my-title=\"Ob\u010dianske zdru\u017eenie Motork\u00e1ri Slovenska \u2013 Brat za Brata\">BzB<\/a> ). Hist\u00f3ria <a my-title=\"Ob\u010dianske zdru\u017eenie Motork\u00e1ri Slovenska \u2013 Brat za Brata\">BzB<\/a> sa p\u00ed\u0161e od roku 2014, kedy si skupina pr\u00edvr\u017eencov motoriek a \u013eud\u00ed ktor\u00ed nezab\u00fadaj\u00fa na pravdu o I.svetovej a II. svetovej vojne za\u010dali s motocyklami nav\u0161tevova\u0165 pomn\u00edky padl\u00fdch hrdinov. Popri t\u00fdchto n\u00e1v\u0161tev\u00e1ch sme si nemohli nev\u0161imn\u00fa\u0165, \u017ee sa na tieto miesta zab\u00fada. A hlavne to \u017ee star\u0161ia gener\u00e1cia u\u017e za\u010dala vymiera\u0165 a mlad\u00e1 gener\u00e1cia za\u010dala zab\u00fada\u0165.<\/p>\n<p>Tak sme sa rozhodli \u017ee v r\u00e1mci na\u0161ich aktiv\u00edt za\u010dneme najm\u00e4 mladej gener\u00e1cii pripom\u00edna\u0165 \u017ee komu v\u010fa\u010d\u00edme za na\u0161u slobodu, ke\u010f \u017ee aj na\u0161i predkovia a dedovia boli s\u00fa\u010das\u0165ou oslobodenia Slovenska. Preto sme v roku 2015 za\u010dali s projektom <a href=\"https:\/\/bratzabrata.eu\/index.php\/2025\/08\/31\/jazda-slobody-2025-video\/\">JAZDA SLOBODY<\/a>. Tento projekt je venovan\u00fd hrdinom \u010cervenej arm\u00e1dy a Slovensk\u00e9mu n\u00e1rodn\u00e9mu povstaniu. Pri tejto udalosti nav\u0161t\u00edvime v priebehu 10 dn\u00ed viac ako 40 miest a obc\u00ed na \u00fazem\u00ed Slovenska. Za tie roky sme si u\u017e vybudovali siln\u00fa z\u00e1klad\u0148u na\u0161ich podporovate\u013eov \u010di u\u017e z radov ob\u010danov alebo s radov miest a obc\u00ed na Slovensku. Taktie\u017e sa k n\u00e1m u\u017e prip\u00e1jaj\u00fa Kluby vojenskej hist\u00f3rie, organiz\u00e1cia protifa\u0161istick\u00fdch bojovn\u00edkov, Ve\u013evyslanectiev a r\u00f4znych organiz\u00e1ci\u00ed, ktor\u00e9 nezab\u00fadaj\u00fa na na\u0161ich hrdinov.<\/p>\n<p>Okrem akcie <a href=\"https:\/\/bratzabrata.eu\/index.php\/2025\/08\/31\/jazda-slobody-2025-video\/\">JAZDA SLOBODY<\/a>, ktor\u00e1 sa kon\u00e1 ka\u017ed\u00fd rok sa venujeme aj obnove hrobov, obnove pietnych miest, oprave pam\u00e4tn\u00edkov a pam\u00e4tn\u00fdch tab\u00fa\u013e. Celoro\u010dne nav\u0161tevujeme cintor\u00edny a pietne miesta \u010di u\u017e \u010ceskoslovenskej arm\u00e1dy, \u010cervenej arm\u00e1dy alebo partiz\u00e1nov. V r\u00e1mci na\u0161ich mo\u017enosti a finan\u010dn\u00fdch prostriedkov ro\u010dne pou\u017eijeme a zap\u00e1lime viac ako 5000 kusov svie\u010dok a polo\u017e\u00edme viac ako 500 vencov. Po\u010das n\u00e1\u0161ho fungovania sme u\u017e opravili a upravili viac ne\u017e 100 pietnych miest po Slovensku.<\/p>\n<p>Na\u0161a organiz\u00e1cia priemerne ro\u010dne minie finan\u010dn\u00e9 prostriedky vo v\u00fd\u0161ke 90 000 Eur. V\u0161etky prostriedky s\u00fa v\u00fdlu\u010dne vyzbieran\u00e9 nami a na\u0161imi pr\u00edvr\u017eencami. V\u0161etko rob\u00edme srdcom a tak ako to c\u00edtime. Sna\u017e\u00edme sa, aby ka\u017ed\u00e1 jedna akcia ktor\u00fa rob\u00edme bola na profesion\u00e1lnej \u00farovni \u010do sa n\u00e1m aj dar\u00ed. Ve\u013emi pekne \u010fakujeme \u017ee ste si na\u0161li \u010das na pre\u010d\u00edtanie na\u0161ej kr\u00e1tkej prezent\u00e1cie. Ka\u017edoro\u010dne nav\u0161t\u00edvime viac ako 1200 miest a obc\u00ed nielen na Slovensku ale aj Po\u013esko, Bielorusko, \u010cesk\u00e1 republika, Rusko, Rak\u00fasko, Nemecko, Ma\u010farsko a \u010fal\u0161ie.<\/p>\n<p><span style=\"color: #0000ff;\"><strong>Zap\u00e1lili sme viac ako 12 000 tisic svie\u010dok a polo\u017eili viac ako 500 vencov.<\/strong><\/span><\/p>\n<h2 class=\"wnd-align-center\"><strong><span class=\"wnd-font-size-140 wsw-05\">MY NEZAB\u00daDAME<\/span><\/strong><\/h2>\n<hr>\n<h3>Transparentn\u00fd \u00fa\u010det:<\/h3>\n<p>Ideme cestou BRAT za BRATA. Ak chce\u0161 pom\u00f4\u017e \u2764\ufe0f ak nie ni\u010d sa nedeje\u2764\ufe0f<br>\nN\u00e1\u0161 transparentn\u00fd \u00fa\u010det n\u00e1jde\u0161 tu: <a href=\"https:\/\/www.transparentneucty.sk\/#\/ucet\/SK1409000000005216168155\" target=\"_blank\" rel=\"noopener noreferrer\">Srdce pre na\u0161u Zem<\/a>.<\/p>\n<hr>\n<h3>Kontakt:<\/h3>\n<p>Motork\u00e1ri Slovenska \u2013 Brat za Brata<br>\nHlavn\u00e1 83\/81 04001 Ko\u0161ice \u2013 mestsk\u00e1 \u010das\u0165 Star\u00e9 Mesto<br>\nI\u010cO: <a href=\"https:\/\/ives.minv.sk\/rmno\/detail\/13542109338027994062\" target=\"_blank\" rel=\"noopener\">52560872<\/a><\/p>\n<hr>\n<h3>Kde v\u0161ade n\u00e1s n\u00e1jdete:<\/h3>\n<section class=\"zoom-social-icons-shortcode\">\n\t\t\n<ul class=\"zoom-social-icons-list zoom-social-icons-list--with-canvas zoom-social-icons-list--round zoom-social-icons-list--no-labels\">\n\n\t\t\n\t\t\t\t<li class=\"zoom-social_icons-list__item\">\n\t\t<a class=\"zoom-social_icons-list__link\" href=\"https:\/\/www.facebook.com\/profile.php?id=100057527016470\" target=\"_blank\" title=\"Facebook\" >\n\t\t\t\t\t\t\t\t\t\n\t\t\t\t\t\t<span class=\"screen-reader-text\">facebook<\/span>\n\t\t\t\n\t\t\t\t\t\t<span class=\"zoom-social_icons-list-span social-icon socicon socicon-facebook\" data-hover-rule=\"background-color\" data-hover-color=\"#0866FF\" style=\"background-color : #0866FF; font-size: 18px; padding:8px\" ><\/span>\n\t\t\t\n\t\t\t\t\t<\/a>\n\t<\/li>\n\n\t\n\t\t\t\t<li class=\"zoom-social_icons-list__item\">\n\t\t<a class=\"zoom-social_icons-list__link\" href=\"https:\/\/www.instagram.com\/brat_za_brata_sk\/\" target=\"_blank\" title=\"Instagram\" >\n\t\t\t\t\t\t\t\t\t\n\t\t\t\t\t\t<span class=\"screen-reader-text\">instagram<\/span>\n\t\t\t\n\t\t\t\t\t\t<span class=\"zoom-social_icons-list-span social-icon socicon socicon-instagram\" data-hover-rule=\"background-color\" data-hover-color=\"#e4405f\" style=\"background-color : #e4405f; font-size: 18px; padding:8px\" ><\/span>\n\t\t\t\n\t\t\t\t\t<\/a>\n\t<\/li>\n\n\t\n\t\t\t\t<li class=\"zoom-social_icons-list__item\">\n\t\t<a class=\"zoom-social_icons-list__link\" href=\"https:\/\/www.youtube.com\/@bratzabratask\/\" target=\"_blank\" title=\"YouTube\" >\n\t\t\t\t\t\t\t\t\t\n\t\t\t\t\t\t<span class=\"screen-reader-text\">youtube<\/span>\n\t\t\t\n\t\t\t\t\t\t<span class=\"zoom-social_icons-list-span social-icon socicon socicon-youtube\" data-hover-rule=\"background-color\" data-hover-color=\"#e02a20\" style=\"background-color : #e02a20; font-size: 18px; padding:8px\" ><\/span>\n\t\t\t\n\t\t\t\t\t<\/a>\n\t<\/li>\n\n\t\n\t\t\t\t<li class=\"zoom-social_icons-list__item\">\n\t\t<a class=\"zoom-social_icons-list__link\" href=\"https:\/\/t.me\/BRATzaBRATA_PRAVDA\" target=\"_blank\" title=\"Telegram BzB\" >\n\t\t\t\t\t\t\t\t\t\n\t\t\t\t\t\t<span class=\"screen-reader-text\">telegram<\/span>\n\t\t\t\n\t\t\t\t\t\t<span class=\"zoom-social_icons-list-span social-icon socicon socicon-telegram\" data-hover-rule=\"background-color\" data-hover-color=\"#0088cc\" style=\"background-color : #0088cc; font-size: 18px; padding:8px\" ><\/span>\n\t\t\t\n\t\t\t\t\t<\/a>\n\t<\/li>\n\n\t\n\t\t\t\t<li class=\"zoom-social_icons-list__item\">\n\t\t<a class=\"zoom-social_icons-list__link\" href=\"https:\/\/t.me\/pravdavzdyvitazi\" target=\"_blank\" title=\"Telegram Pravda\" >\n\t\t\t\t\t\t\t\t\t\n\t\t\t\t\t\t<span class=\"screen-reader-text\">telegram<\/span>\n\t\t\t\n\t\t\t\t\t\t<span class=\"zoom-social_icons-list-span social-icon socicon socicon-telegram\" data-hover-rule=\"background-color\" data-hover-color=\"#098711\" style=\"background-color : #098711; font-size: 18px; padding:8px\" ><\/span>\n\t\t\t\n\t\t\t\t\t<\/a>\n\t<\/li>\n\n\t\n\t\t\t\t<li class=\"zoom-social_icons-list__item\">\n\t\t<a class=\"zoom-social_icons-list__link\" href=\"https:\/\/x.com\/ItsMe512586009\" target=\"_blank\" title=\"X\" >\n\t\t\t\t\t\t\t\t\t\n\t\t\t\t\t\t<span class=\"screen-reader-text\">x<\/span>\n\t\t\t\n\t\t\t\t\t\t<span class=\"zoom-social_icons-list-span social-icon socicon socicon-x\" data-hover-rule=\"background-color\" data-hover-color=\"#000\" style=\"background-color : #000; font-size: 18px; padding:8px\" ><\/span>\n\t\t\t\n\t\t\t\t\t<\/a>\n\t<\/li>\n\n\t\n\t\t\t\t<li class=\"zoom-social_icons-list__item\">\n\t\t<a class=\"zoom-social_icons-list__link\" href=\"https:\/\/vk.com\/id730341017\" target=\"_blank\" title=\"VK\" >\n\t\t\t\t\t\t\t\t\t\n\t\t\t\t\t\t<span class=\"screen-reader-text\">vkontakte<\/span>\n\t\t\t\n\t\t\t\t\t\t<span class=\"zoom-social_icons-list-span social-icon socicon socicon-vkontakte\" data-hover-rule=\"background-color\" data-hover-color=\"#5a7fa6\" style=\"background-color : #5a7fa6; font-size: 18px; padding:8px\" ><\/span>\n\t\t\t\n\t\t\t\t\t<\/a>\n\t<\/li>\n\n\t\n\t\t\t\t<li class=\"zoom-social_icons-list__item\">\n\t\t<a class=\"zoom-social_icons-list__link\" href=\"https:\/\/rumble.com\/user\/tibor69\/videos\" target=\"_blank\" title=\"Rumble\" >\n\t\t\t\t\t\t\t\t\t\n\t\t\t\t\t\t<span class=\"screen-reader-text\">revolut<\/span>\n\t\t\t\n\t\t\t\t\t\t<span class=\"zoom-social_icons-list-span social-icon socicon socicon-revolut\" data-hover-rule=\"background-color\" data-hover-color=\"#000000\" style=\"background-color : #000000; font-size: 18px; padding:8px\" ><\/span>\n\t\t\t\n\t\t\t\t\t<\/a>\n\t<\/li>\n\n\t\n\t\t\t\t<li class=\"zoom-social_icons-list__item\">\n\t\t<a class=\"zoom-social_icons-list__link\" href=\"https:\/\/rumble.com\/user\/tibor69\/videos\" target=\"_blank\" title=\"RuTube\" >\n\t\t\t\t\t\t\t\t\t\n\t\t\t\t\t\t<span class=\"screen-reader-text\">play<\/span>\n\t\t\t\n\t\t\t\t\t\t<span class=\"zoom-social_icons-list-span social-icon fa fa-play\" data-hover-rule=\"background-color\" data-hover-color=\"#1e73be\" style=\"background-color : #33a529; font-size: 18px; padding:8px\" ><\/span>\n\t\t\t\n\t\t\t\t\t<\/a>\n\t<\/li>\n\n\t\n\t\t\t\t<li class=\"zoom-social_icons-list__item\">\n\t\t<a class=\"zoom-social_icons-list__link\" href=\"https:\/\/www.mojevideo.sk\/u\/bzb\/\" target=\"_blank\" title=\"Moje Video\" >\n\t\t\t\t\t\t\t\t\t\n\t\t\t\t\t\t<span class=\"screen-reader-text\">matrix<\/span>\n\t\t\t\n\t\t\t\t\t\t<span class=\"zoom-social_icons-list-span social-icon socicon socicon-matrix\" data-hover-rule=\"background-color\" data-hover-color=\"#dd3333\" style=\"background-color : #dd3333; font-size: 18px; padding:8px\" ><\/span>\n\t\t\t\n\t\t\t\t\t<\/a>\n\t<\/li>\n\n\t\n\t\t\t\t<li class=\"zoom-social_icons-list__item\">\n\t\t<a class=\"zoom-social_icons-list__link\" href=\"https:\/\/www.tiktok.com\/@user8sdyc6q9fm\" target=\"_blank\" title=\"TikTok\" >\n\t\t\t\t\t\t\t\t\t\n\t\t\t\t\t\t<span class=\"screen-reader-text\">tiktok<\/span>\n\t\t\t\n\t\t\t\t\t\t<span class=\"zoom-social_icons-list-span social-icon socicon socicon-tiktok\" data-hover-rule=\"background-color\" data-hover-color=\"#69C9D0\" style=\"background-color : #69C9D0; font-size: 18px; padding:8px\" ><\/span>\n\t\t\t\n\t\t\t\t\t<\/a>\n\t<\/li>\n\n\t\n<\/ul>\n\n\t\t<\/section>\n<hr>\n<h3>Registrovan\u00e9 obchodn\u00e9 zna\u010dky:<\/h3>\n<p>Textov\u00e1 obchodn\u00e1 zna\u010dka <strong>BRAT za BRATA <\/strong>(<a href=\"https:\/\/wbr.indprop.gov.sk\/WebRegistre\/OchrannaZnamka\/Detail\/1555-2023?csrt=4782066008327243559\" target=\"_blank\" rel=\"noopener noreferrer\">POZ 1555-2023<\/a>)<\/p>\n<p>Grafick\u00e1 obchodn\u00e1 zna\u010dka (<a href=\"https:\/\/wbr.indprop.gov.sk\/WebRegistre\/OchrannaZnamka\/Detail\/1563-2023?csrt=4782066008327243559\" target=\"_blank\" rel=\"noopener noreferrer\">POZ 1563-2023<\/a>) <img loading=\"lazy\" decoding=\"async\" class=\"alignnone wp-image-141 size-thumbnail\" src=\"https:\/\/bratzabrata.eu\/wp-content\/uploads\/2025\/12\/bzbpicon5003d-150x150.png\" alt=\"\" width=\"150\" height=\"150\" srcset=\"https:\/\/bratzabrata.eu\/wp-content\/uploads\/2025\/12\/bzbpicon5003d-150x150.png 150w, https:\/\/bratzabrata.eu\/wp-content\/uploads\/2025\/12\/bzbpicon5003d-300x298.png 300w, https:\/\/bratzabrata.eu\/wp-content\/uploads\/2025\/12\/bzbpicon5003d.png 504w\" sizes=\"auto, (max-width: 150px) 100vw, 150px\" \/><\/p>\n<\/div>\n<\/div>\n<\/div>\n<\/div>\n<\/div>\n<\/div>\n","protected":false},"excerpt":{"rendered":"<p>Ob\u010dianske zdru\u017eenie Motork\u00e1ri Slovenska \u2013 Brat za Brata T\u00fdmto dokumentom v\u00e1m chceme pribl\u00ed\u017ei\u0165 fungovanie a ideu ob\u010dianskeho zdru\u017eenia Motork\u00e1ri Slovenska \u2013 Brat za Brata ( BzB ). Hist\u00f3ria BzB sa &hellip; <a href=\"https:\/\/bratzabrata.eu\/index.php\/o-nas\/\" class=\"more-link\">\u010c\u00edtaj \u010falej &#8230;<\/a><\/p>\n","protected":false},"author":1,"featured_media":139,"parent":0,"menu_order":0,"comment_status":"closed","ping_status":"closed","template":"","meta":{"wikipediapreview_detectlinks":true,"footnotes":""},"class_list":["post-250","page","type-page","status-publish","has-post-thumbnail","hentry","entry"],"_links":{"self":[{"href":"https:\/\/bratzabrata.eu\/index.php\/wp-json\/wp\/v2\/pages\/250","targetHints":{"allow":["GET"]}}],"collection":[{"href":"https:\/\/bratzabrata.eu\/index.php\/wp-json\/wp\/v2\/pages"}],"about":[{"href":"https:\/\/bratzabrata.eu\/index.php\/wp-json\/wp\/v2\/types\/page"}],"author":[{"embeddable":true,"href":"https:\/\/bratzabrata.eu\/index.php\/wp-json\/wp\/v2\/users\/1"}],"replies":[{"embeddable":true,"href":"https:\/\/bratzabrata.eu\/index.php\/wp-json\/wp\/v2\/comments?post=250"}],"version-history":[{"count":38,"href":"https:\/\/bratzabrata.eu\/index.php\/wp-json\/wp\/v2\/pages\/250\/revisions"}],"predecessor-version":[{"id":998,"href":"https:\/\/bratzabrata.eu\/index.php\/wp-json\/wp\/v2\/pages\/250\/revisions\/998"}],"wp:featuredmedia":[{"embeddable":true,"href":"https:\/\/bratzabrata.eu\/index.php\/wp-json\/wp\/v2\/media\/139"}],"wp:attachment":[{"href":"https:\/\/bratzabrata.eu\/index.php\/wp-json\/wp\/v2\/media?parent=250"}],"curies":[{"name":"wp","href":"https:\/\/api.w.org\/{rel}","templated":true}]}}