{"id":3,"date":"2025-12-29T10:54:52","date_gmt":"2025-12-29T10:54:52","guid":{"rendered":"https:\/\/bratzabrata.eu\/?page_id=3"},"modified":"2026-01-07T09:29:23","modified_gmt":"2026-01-07T09:29:23","slug":"privacy-policy","status":"publish","type":"page","link":"https:\/\/bratzabrata.eu\/index.php\/privacy-policy\/","title":{"rendered":"Ochrana osobn\u00fdch \u00fadajov"},"content":{"rendered":"<h1 class=\"wp-block-heading\">Ochrana s\u00fakromia a osobn\u00fdch \u00fadajov<\/h1>\r\n\r\n\r\n\r\n<p>Prev\u00e1dzkovate\u013eom je spolo\u010dnos\u0165 Motork\u00e1ri Slovenska \u2013 BRAT za BRATA<sup>\u00ae<\/sup> (ob\u010dianske zdru\u017eenie), I\u010cO: 52560872, Hlavn\u00e1 83\/81 04001 Ko\u0161ice \u2013 mestsk\u00e1 \u010das\u0165 Star\u00e9 Mesto. Prev\u00e1dzkovate\u013e prehlasuje, \u017ee na zaistenie ochrany pr\u00e1v dotknut\u00fdch os\u00f4b prijal primeran\u00e9 technick\u00e9 a organiza\u010dn\u00e9 opatrenia, ktor\u00e9 deklaruj\u00fa bezpe\u010dnos\u0165 Va\u0161ich osobn\u00fdch \u00fadajov. Prev\u00e1dzkovate\u013e \u010falej zaviedli transparentn\u00fd syst\u00e9m zaznamen\u00e1vania bezpe\u010dnostn\u00fdch incidentov a ak\u00fdchko\u013evek ot\u00e1zok zo strany dotknutej osoby, ako aj in\u00fdch os\u00f4b.\u00a0\u00a0<\/p>\r\n\r\n\r\n\r\n<p>Spracovanie osobn\u00fdch \u00fadajov sa riadi ustanoveniami Nariadenia eur\u00f3pskeho parlamentu a rady (E\u00da) 2016\/679 z 27. apr\u00edla 2016 o ochrane fyzick\u00fdch os\u00f4b pri sprac\u00favan\u00ed osobn\u00fdch \u00fadajov a o vo\u013enom pohybe tak\u00fdchto \u00fadajov, ktor\u00fdm sa zru\u0161uje smernica 95\/46\/ES (v\u0161eobecn\u00e9 nariadenie o ochrane \u00fadajov) (\u010falej len \u201eNariadenie GDPR\u201c) a z\u00e1kona \u010d. 18\/2018 Z. z. o ochrane osobn\u00fdch \u00fadajov a o zmene a doplnen\u00ed niektor\u00fdch z\u00e1konov v\u202fznen\u00ed neskor\u0161\u00edch predpisov (\u201ez\u00e1kon o ochrane osobn\u00fdch \u00fadajov\u201c).\u00a0<\/p>\r\n\r\n\r\n\r\n<h3 class=\"wp-block-heading\">N\u00e1v\u0161teva Webov\u00e9ho port\u00e1lu:\u00a0<\/h3>\r\n\r\n\r\n\r\n<p>Zaznamen\u00e1vame a uklad\u00e1me IP adresu po\u010d\u00edta\u010da, aby sme odoslali obsah n\u00e1\u0161ho port\u00e1lu do V\u00e1\u0161ho po\u010d\u00edta\u010da\u00a0 v s\u00falade s \u010dl\u00e1nkom 6 ods. 1 p\u00edsm. e) Nariadenia GDPR. Tieto \u00fadaje sprac\u00favame tie\u017e preto, aby sme identifikovali a ozn\u00e1mili ak\u00e9ko\u013evek zneu\u017eitie. Pr\u00e1vnym z\u00e1kladom v tomto pr\u00edpade je \u010dl. 6 ods. 1 p\u00edsm. e) Nariadenia GDPR. V tomto kontexte je v na\u0161om z\u00e1ujme, \u010do sa t\u00fdka spracovania osobn\u00fdch \u00fadajov, zabezpe\u010di\u0165 riadne fungovanie n\u00e1\u0161ho port\u00e1lu a poskytovania slu\u017eieb uskuto\u010d\u0148ovan\u00e9ho cez n\u00e1\u0161 port\u00e1l.\u00a0<\/p>\r\n\r\n\r\n\r\n<p>Pokia\u013e sprac\u00favame Va\u0161e \u00fadaje, ako je uveden\u00e9 vy\u0161\u0161ie, na \u00fa\u010dely zabezpe\u010denia funk\u010dnosti n\u00e1\u0161ho port\u00e1lu, je to na pr\u00e1vnom z\u00e1klade pod\u013ea z\u00e1kona \u010d. 305\/2013 Z. z. o elektronickej podobe v\u00fdkonu p\u00f4sobnosti org\u00e1nov verejnej moci a o zmene a doplnen\u00ed niektor\u00fdch z\u00e1konov (\u201ez\u00e1kon o e-Governmente\u201c).\u00a0<\/p>\r\n\r\n\r\n\r\n<p>Pr\u00e1vnym z\u00e1kladom spracov\u00e1vania osobn\u00fdch \u00fadajov je nariadenie Eur\u00f3pskeho parlamentu a Rady E\u00da \u010d. 910\/2014 z 23. j\u00fala 2014 o elektronickej identifik\u00e1cii a d\u00f4veryhodn\u00fdch slu\u017eb\u00e1ch pre elektronick\u00e9 transakcie na vn\u00fatornom trhu a o zru\u0161en\u00ed smernice 1999\/93\/ES a v\u0161etky s\u00favisiace vykon\u00e1vacie akty Eur\u00f3pskej komisie.\u00a0<\/p>\r\n\r\n\r\n\r\n<h3 class=\"wp-block-heading\">Poskytovanie \u00fadajov tret\u00edm stran\u00e1m\u00a0<\/h3>\r\n\r\n\r\n\r\n<p>Va\u0161e \u00fadaje nebudeme postupova\u0165 tret\u00edm stran\u00e1m ani ich in\u00fdm sp\u00f4sobom poskytova\u0165 na komer\u010dn\u00e9 \u00fa\u010dely.\u00a0 M\u00e1me pr\u00e1vo poskytn\u00fa\u0165 Va\u0161e osobn\u00e9 \u00fadaje org\u00e1nom \u010dinn\u00fdm v trestnom konan\u00ed bez V\u00e1\u0161ho v\u00fdslovn\u00e9ho s\u00fahlasu, ak je to potrebn\u00e9 na objasnenie nez\u00e1konn\u00e9ho vyu\u017e\u00edvania na\u0161ich slu\u017eieb alebo na uplatnenie pr\u00e1vnych n\u00e1rokov. Tak\u00fdto prenos sa v\u0161ak uskuto\u010dn\u00ed iba vtedy, ak existuj\u00fa konkr\u00e9tne d\u00f4kazy o nez\u00e1konnom konan\u00ed alebo zneu\u017eit\u00ed. Prenos Va\u0161ich \u00fadajov sa m\u00f4\u017ee uskuto\u010dni\u0165 aj vtedy, ak to prispieva k presadzovaniu podmienok pou\u017e\u00edvania alebo in\u00fdch doh\u00f4d. Z\u00e1rove\u0148 m\u00e1me pr\u00e1vnu povinnos\u0165 poskytova\u0165 na po\u017eiadanie inform\u00e1cie niektor\u00fdm org\u00e1nom verejnej moci.\u00a0\u00a0<\/p>\r\n\r\n\r\n\r\n<p>Prenos t\u00fdchto \u00fadajov je zalo\u017een\u00fd na na\u0161om legit\u00edmnom z\u00e1ujme zabr\u00e1ni\u0165 zneu\u017eitiu, umo\u017eni\u0165 st\u00edhanie trestn\u00fdch \u010dinov a zabezpe\u010di\u0165 uplat\u0148ovanie svojich pr\u00e1v, ak na\u0161e z\u00e1ujmy prev\u00e1\u017eia nad Va\u0161imi z\u00e1ujmami a pr\u00e1vami na ochranu Va\u0161ich osobn\u00fdch \u00fadajov v s\u00falade s \u010dl. 6 ods. 1 p\u00edsm. f) GDPR.\u00a0<\/p>\r\n\r\n\r\n\r\n<h3 class=\"wp-block-heading\">Ak\u00e9 osobn\u00e9 \u00fadaje zhroma\u017e\u010fujeme, na ak\u00fd \u00fa\u010del a ak\u00fdmi technick\u00fdmi prostriedkami?\u00a0<\/h3>\r\n\r\n\r\n\r\n<p>Prev\u00e1dzkovate\u013e zhroma\u017e\u010fuje a sprac\u00fava identifika\u010dn\u00e9 a in\u00e9 osobn\u00e9 \u00fadaje len v rozsahu\u00a0 a na presne stanoven\u00fd \u00fa\u010del vymedzen\u00fd v z\u00e1kone o eGovernmente.\u00a0<\/p>\r\n\r\n\r\n\r\n<p>\u00da\u010delom z\u00edskavania a sprac\u00favania osobn\u00fdch \u00fadajov na port\u00e1li je:\u00a0<\/p>\r\n\r\n\r\n\r\n<ul class=\"wp-block-list\">\r\n<li>vyu\u017e\u00edvanie elektronick\u00fdch slu\u017eieb a s t\u00fdm bezprostredne s\u00favisiacich \u010dinnost\u00ed,\u00a0<\/li>\r\n\r\n\r\n\r\n<li>zaradenie t\u00fdchto identifika\u010dn\u00fdch a in\u00fdch osobn\u00fdch \u00fadajov, ako aj inform\u00e1ci\u00ed o pou\u017e\u00edvate\u013eovi do pr\u00edslu\u0161n\u00fdch datab\u00e1z prev\u00e1dzkovate\u013ea,\u00a0\u00a0<\/li>\r\n\r\n\r\n\r\n<li>v s\u00favislosti s v\u00fdkonom pr\u00e1v prev\u00e1dzkovate\u013ea poskytovanie identifika\u010dn\u00fdch \u00fadajov a in\u00fdch osobn\u00fdch \u00fadajov tret\u00edm stran\u00e1m.\u00a0<\/li>\r\n<\/ul>\r\n\r\n\r\n\r\n<p>Prev\u00e1dzkovate\u013e port\u00e1lu zabezpe\u010d\u00ed n\u00e1le\u017eit\u00e9 opatrenia na ochranu identifika\u010dn\u00fdch a in\u00fdch osobn\u00fdch \u00fadajov, ako aj inform\u00e1ci\u00ed o pou\u017e\u00edvate\u013eovi v s\u00falade so v\u0161eobecne z\u00e1v\u00e4zn\u00fdmi pr\u00e1vnymi predpismi a okrem pr\u00edpadov ustanoven\u00fdch t\u00fdmito predpismi alebo dohodnut\u00fdch s pou\u017e\u00edvate\u013eom, ich neposkytne tret\u00edm osob\u00e1m bez s\u00fahlasu pou\u017e\u00edvate\u013ea.\u00a0<\/p>\r\n\r\n\r\n\r\n<p>Prev\u00e1dzkovate\u013e neposkytuje osobn\u00e9 \u00fadaje na \u00fa\u010del priameho marketingu.\u00a0<\/p>\r\n\r\n\r\n\r\n<h3 class=\"wp-block-heading\">Kto m\u00e1 pr\u00edstup k va\u0161im \u00fadajom a komu sa poskytuj\u00fa?\u00a0<\/h3>\r\n\r\n\r\n\r\n<p>Pri poskytovan\u00ed inform\u00e1ci\u00ed a osobn\u00fdch \u00fadajov z port\u00e1lu postupuje prev\u00e1dzkovate\u013e v\u017edy pod\u013ea z\u00e1kona o e-Governmente, z\u00e1kona o ochrane osobn\u00fdch \u00fadajov.\u00a0<\/p>\r\n\r\n\r\n\r\n<p>Ak d\u00f4jde k poskytnutiu alebo spr\u00edstupneniu nespr\u00e1vnych, ne\u00fapln\u00fdch alebo neaktu\u00e1lnych osobn\u00fdch \u00fadajov alebo k nez\u00e1konn\u00e9mu poskytnutiu alebo spr\u00edstupneniu osobn\u00fdch \u00fadajov, prev\u00e1dzkovate\u013e je povinn\u00fd bez zbyto\u010dn\u00e9ho odkladu informova\u0165 pr\u00edjemcov osobn\u00fdch \u00fadajov, ktor\u00fdm sa tak\u00e9to osobn\u00e9 \u00fadaje poskytli alebo spr\u00edstupnili.\u00a0<\/p>\r\n\r\n\r\n\r\n<h3 class=\"wp-block-heading\">Ako chr\u00e1nime a zabezpe\u010dujeme va\u0161e \u00fadaje?\u00a0<\/h3>\r\n\r\n\r\n\r\n<p>Prev\u00e1dzkovate\u013e v s\u00falade s ustanoveniami \u00a7 29 z\u00e1kona o ochrane osobn\u00fdch \u00fadajov zodpoved\u00e1 za bezpe\u010dnos\u0165 osobn\u00fdch \u00fadajov. Na tento \u00fa\u010del boli prijat\u00e9 primeran\u00e9 technick\u00e9, organiza\u010dn\u00e9 a person\u00e1lne opatrenia zodpovedaj\u00face sp\u00f4sobu sprac\u00favania osobn\u00fdch \u00fadajov, ktor\u00e9\u00a0 pom\u00e1haj\u00fa chr\u00e1ni\u0165 va\u0161e osobn\u00e9 \u00fadaje pred neopr\u00e1vnen\u00fdm pr\u00edstupom k nim, ich pou\u017eit\u00edm a vyzraden\u00edm.\u00a0<\/p>\r\n\r\n\r\n\r\n<p>Overujeme \u00fa\u010dinnos\u0165 na\u0161ich opatren\u00ed na ochranu \u00fadajov a neust\u00e1le ich vylep\u0161ujeme v s\u00falade s technologick\u00fdm rozvojom. Zadan\u00e9 osobn\u00e9 \u00fadaje s\u00fa \u0161ifrovan\u00e9 po\u010das prenosu pomocou bezpe\u010dn\u00e9ho \u0161ifrovacieho procesu.\u00a0<\/p>\r\n\r\n\r\n\r\n<h3 class=\"wp-block-heading\">Ako dlho uchov\u00e1vame va\u0161e \u00fadaje?\u00a0<\/h3>\r\n\r\n\r\n\r\n<p>Doba zhroma\u017e\u010fovania a sprac\u00favania inform\u00e1ci\u00ed, v rozsahu uvedenom vo v\u0161eobecn\u00fdch podmienkach prev\u00e1dzkovate\u013ea sa zhoduje s dobou existencie elektronickej schr\u00e1nky pou\u017e\u00edvate\u013ea. V pr\u00edpade uplat\u0148ovania pr\u00e1v prev\u00e1dzkovate\u013ea \u00fastredn\u00e9ho port\u00e1lu, doba zhroma\u017e\u010fovania a sprac\u00favania inform\u00e1ci\u00ed trv\u00e1 aj po z\u00e1niku identity pou\u017e\u00edvate\u013ea. Prev\u00e1dzkovate\u013e nie je opr\u00e1vnen\u00fd zlikvidova\u0165 osobn\u00e9 \u00fadaje pou\u017e\u00edvate\u013ea a\u017e do uplynutia leh\u00f4t stanoven\u00fdch v osobitn\u00fdch predpisoch.\u00a0<\/p>\r\n\r\n\r\n\r\n<p>\u00dadaje z port\u00e1lu s\u00fa pravidelne z\u00e1lohovan\u00e9 prev\u00e1dzkovate\u013eom na zabezpe\u010denie spr\u00e1vneho obnovenia syst\u00e9mu.\u00a0<\/p>\r\n\r\n\r\n\r\n<h2 class=\"wp-block-heading\">Pr\u00e1va s\u00favisiace so spracovan\u00edm osobn\u00fdch \u00fadajov\u00a0<\/h2>\r\n\r\n\r\n\r\n<h3 class=\"wp-block-heading\">Pr\u00e1vo na pr\u00edstup\u00a0<\/h3>\r\n\r\n\r\n\r\n<p>Na po\u017eiadanie m\u00e1te pr\u00e1vo od n\u00e1s z\u00edska\u0165 inform\u00e1cie o osobn\u00fdch \u00fadajoch, ktor\u00e9 sa V\u00e1s t\u00fdkaj\u00fa a ktor\u00e9 sme spracovali v rozsahu, ktor\u00fd je definovan\u00fd v \u010dl. 15 GDPR. Va\u0161u \u017eiados\u0165 m\u00f4\u017eete posla\u0165 po\u0161tou alebo e-mailom na ni\u017e\u0161ie uveden\u00e9 adresy.\u00a0<\/p>\r\n\r\n\r\n\r\n<h3 class=\"wp-block-heading\">Pr\u00e1vo na opravu\u00a0<\/h3>\r\n\r\n\r\n\r\n<p>M\u00e1te pr\u00e1vo po\u017eadova\u0165, aby sme bez zbyto\u010dn\u00e9ho odkladu opravili ak\u00e9ko\u013evek nepresnosti vo Va\u0161ich osobn\u00fdch \u00fadajoch, ktor\u00e9 sa V\u00e1s t\u00fdkaj\u00fa (\u010dl\u00e1nok 16 GDPR). Na tento \u00fa\u010del kontaktujte ni\u017e\u0161ie uveden\u00fa adresu.\u00a0<\/p>\r\n\r\n\r\n\r\n<h3 class=\"wp-block-heading\">Pr\u00e1vo na vymazanie\u00a0<\/h3>\r\n\r\n\r\n\r\n<p>Ak m\u00e1te platn\u00e9 pr\u00e1vne d\u00f4vody vymedzen\u00e9 v \u010dl. 17 GDPR, m\u00e1te pr\u00e1vo na okam\u017eit\u00e9 vymazanie (\u201epr\u00e1vo by\u0165 zabudnut\u00fd\u201c) osobn\u00fdch \u00fadajov, ktor\u00e9 sa V\u00e1s t\u00fdkaj\u00fa. Medzi tieto pr\u00e1vne d\u00f4vody patr\u00ed: osobn\u00e9 \u00fadaje u\u017e nie s\u00fa potrebn\u00e9 na \u00fa\u010dely, na ktor\u00e9 boli sprac\u00favan\u00e9, alebo odvol\u00e1vate svoj s\u00fahlas a neexistuj\u00fa \u017eiadne in\u00e9 pr\u00e1vne d\u00f4vody na sprac\u00favanie; dotknut\u00e1 osoba namieta proti sprac\u00favaniu (a neexistuj\u00fa \u017eiadne preva\u017euj\u00face legit\u00edmne d\u00f4vody na sprac\u00favanie \u2013 neuplat\u0148uje sa na n\u00e1mietky vo\u010di priamej reklame). Ak chcete uplatni\u0165 svoje pr\u00e1vo, kontaktujte ni\u017e\u0161ie uveden\u00fa kontaktn\u00fa adresu.\u00a0<\/p>\r\n\r\n\r\n\r\n<h3 class=\"wp-block-heading\">Pr\u00e1vo na obmedzenie spracovania\u00a0<\/h3>\r\n\r\n\r\n\r\n<p>Ak s\u00fa splnen\u00e9 krit\u00e9ri\u00e1 definovan\u00e9 v \u010dl. 18 GDPR, m\u00e1te pr\u00e1vo na obmedzenie sprac\u00favania, ako je uveden\u00e9 v predch\u00e1dzaj\u00facom \u010dl\u00e1nku GDPR. Pod\u013ea tohto \u010dl\u00e1nku sa m\u00f4\u017ee po\u017eadova\u0165 obmedzenie sprac\u00favania, najm\u00e4 ak je sprac\u00favanie nez\u00e1konn\u00e9 a dotknut\u00e1 osoba sa br\u00e1ni vymazaniu osobn\u00fdch \u00fadajov a \u017eiada namiesto toho obmedzenie ich pou\u017e\u00edvania, alebo dotknut\u00e1 osoba namieta proti sprac\u00favaniu pod\u013ea \u010dl. 21 ods. 1 GDPR, ak nie je jasn\u00e9, \u010di n\u00e1\u0161 legit\u00edmny z\u00e1ujem prevy\u0161uje z\u00e1ujem dotknutej osoby. Ak chcete uplatni\u0165 svoje pr\u00e1vo, kontaktujte ni\u017e\u0161ie uveden\u00fa kontaktn\u00fa adresu.\u00a0<\/p>\r\n\r\n\r\n\r\n<h3 class=\"wp-block-heading\">Pr\u00e1vo na prenos \u00fadajov\u00a0<\/h3>\r\n\r\n\r\n\r\n<p>M\u00e1te pr\u00e1vo na prenos d\u00e1t, ako je definovan\u00e9 v \u010dl. 20 GDPR. To znamen\u00e1, \u017ee m\u00e1te pr\u00e1vo z\u00edska\u0165 osobn\u00e9 \u00fadaje, ktor\u00e9 sa V\u00e1s t\u00fdkaj\u00fa, ktor\u00e9 ste n\u00e1m poskytli, v \u0161trukt\u00farovanom, be\u017ene pou\u017e\u00edvanom strojovo \u010ditate\u013enom form\u00e1te a m\u00e1te pr\u00e1vo na prenos t\u00fdchto \u00fadajov in\u00e9mu prev\u00e1dzkovate\u013eovi. Predpokladom je, \u017ee sprac\u00favanie je zalo\u017een\u00e9 na s\u00fahlase alebo zmluve a je vykon\u00e1van\u00e9 automatizovan\u00fdmi prostriedkami. Ak chcete uplatni\u0165 svoje pr\u00e1vo, kontaktujte ni\u017e\u0161ie uveden\u00fa kontaktn\u00fa adresu.\u00a0<\/p>\r\n\r\n\r\n\r\n<h3 class=\"wp-block-heading\">Pr\u00e1vo na n\u00e1mietku\u00a0<\/h3>\r\n\r\n\r\n\r\n<p>Pod\u013ea \u010dl. 21 GDPR m\u00e1te pr\u00e1vo kedyko\u013evek vznies\u0165 n\u00e1mietku proti sprac\u00favaniu osobn\u00fdch \u00fadajov, ktor\u00e9 sa V\u00e1s t\u00fdkaj\u00fa, ktor\u00e9 je zalo\u017een\u00e9 na \u010dl\u00e1nku 6 ods. 1 p\u00edsm. e) alebo f) GDPR, z d\u00f4vodov t\u00fdkaj\u00facich sa Va\u0161ej konkr\u00e9tnej situ\u00e1cie. Budeme up\u00fa\u0161\u0165a\u0165 od sprac\u00favania Va\u0161ich osobn\u00fdch \u00fadajov, pokia\u013e nem\u00f4\u017eeme preuk\u00e1za\u0165 presved\u010div\u00e9 opr\u00e1vnen\u00e9 d\u00f4vody na sprac\u00favanie, ktor\u00e9 prevy\u0161uj\u00fa Va\u0161e z\u00e1ujmy, pr\u00e1va a slobody, alebo pokia\u013e nie je \u00fa\u010delom sprac\u00favania preukazovanie, uplat\u0148ovanie a obhajovanie pr\u00e1vnych n\u00e1rokov. Ak chcete uplatni\u0165 svoje pr\u00e1vo, kontaktujte ni\u017e\u0161ie uveden\u00fa kontaktn\u00fa adresu.\u00a0<\/p>\r\n\r\n\r\n\r\n<h3 class=\"wp-block-heading\">Pr\u00e1vo poda\u0165 s\u0165a\u017enos\u0165 dozorn\u00e9mu org\u00e1nu\u00a0<\/h3>\r\n\r\n\r\n\r\n<p>Ak sa domnievate, \u017ee sprac\u00favanie osobn\u00fdch \u00fadajov, ktor\u00e9 sa V\u00e1s t\u00fdkaj\u00fa a ktor\u00e9 sme vykonali, je nez\u00e1konn\u00e9 alebo nepr\u00edpustn\u00e9, m\u00e1te pr\u00e1vo poda\u0165 s\u0165a\u017enos\u0165 pr\u00edslu\u0161n\u00e9mu dozorn\u00e9mu org\u00e1nu. Tento org\u00e1n m\u00f4\u017eete kontaktova\u0165 na adrese:\u00a0<\/p>\r\n\r\n\r\n\r\n<p>\u00darad na ochranu osobn\u00fdch \u00fadajov Slovenskej republiky\u00a0<br>Hrani\u010dn\u00e1 12\u00a0<br>820 07, Bratislava 27\u00a0<br>Slovensk\u00e1 republika\u00a0<br>I\u010cO: 36064220\u00a0<br><a href=\"https:\/\/dataprotection.gov.sk\/uoou\/\" target=\"_blank\" rel=\"noreferrer noopener\">www.dataprotection.gov.sk<\/a>\u00a0<\/p>\r\n\r\n\r\n\r\n<p>Telefonick\u00e9 konzult\u00e1cie v oblasti ochrany osobn\u00fdch \u00fadajov:<br>Utorok a \u0161tvrtok od 8:00 do 12:00\u00a0<a href=\"tel:+421%20232%20313%20220%C2%A0\">+421 232 313 220<\/a><\/p>\r\n","protected":false},"excerpt":{"rendered":"<p>Ochrana s\u00fakromia a osobn\u00fdch \u00fadajov Prev\u00e1dzkovate\u013eom je spolo\u010dnos\u0165 Motork\u00e1ri Slovenska \u2013 BRAT za BRATA\u00ae (ob\u010dianske zdru\u017eenie), I\u010cO: 52560872, Hlavn\u00e1 83\/81 04001 Ko\u0161ice \u2013 mestsk\u00e1 \u010das\u0165 Star\u00e9 Mesto. Prev\u00e1dzkovate\u013e prehlasuje, \u017ee &hellip; <a href=\"https:\/\/bratzabrata.eu\/index.php\/privacy-policy\/\" class=\"more-link\">\u010c\u00edtaj \u010falej &#8230;<\/a><\/p>\n","protected":false},"author":1,"featured_media":0,"parent":0,"menu_order":0,"comment_status":"closed","ping_status":"open","template":"","meta":{"wikipediapreview_detectlinks":true,"footnotes":""},"class_list":["post-3","page","type-page","status-publish","hentry","entry"],"_links":{"self":[{"href":"https:\/\/bratzabrata.eu\/index.php\/wp-json\/wp\/v2\/pages\/3","targetHints":{"allow":["GET"]}}],"collection":[{"href":"https:\/\/bratzabrata.eu\/index.php\/wp-json\/wp\/v2\/pages"}],"about":[{"href":"https:\/\/bratzabrata.eu\/index.php\/wp-json\/wp\/v2\/types\/page"}],"author":[{"embeddable":true,"href":"https:\/\/bratzabrata.eu\/index.php\/wp-json\/wp\/v2\/users\/1"}],"replies":[{"embeddable":true,"href":"https:\/\/bratzabrata.eu\/index.php\/wp-json\/wp\/v2\/comments?post=3"}],"version-history":[{"count":4,"href":"https:\/\/bratzabrata.eu\/index.php\/wp-json\/wp\/v2\/pages\/3\/revisions"}],"predecessor-version":[{"id":342,"href":"https:\/\/bratzabrata.eu\/index.php\/wp-json\/wp\/v2\/pages\/3\/revisions\/342"}],"wp:attachment":[{"href":"https:\/\/bratzabrata.eu\/index.php\/wp-json\/wp\/v2\/media?parent=3"}],"curies":[{"name":"wp","href":"https:\/\/api.w.org\/{rel}","templated":true}]}}